{"id":170,"date":"2021-04-27T10:56:44","date_gmt":"2021-04-27T09:56:44","guid":{"rendered":"https:\/\/www.letmerepair.fr\/?page_id=170"},"modified":"2021-06-08T12:14:08","modified_gmt":"2021-06-08T10:14:08","slug":"conditions-generales-de-service-apres-vente","status":"publish","type":"page","link":"https:\/\/www.letmerepair.fr\/index.php\/conditions-generales-de-service-apres-vente\/","title":{"rendered":"RETOUR DE VOTRE COLIS VERS CHEZ VOUS APRES REPARATION"},"content":{"rendered":"\n<div style=\"height:35px\" aria-hidden=\"true\" class=\"wp-block-spacer\"><\/div>\n\n\n\n<p>Le retour de votre produit vers chez vous est organis\u00e9 par LetMeRepair France.<\/p>\n\n\n\n<p>De ce fait, il est imp\u00e9ratif d\u2019ouvrir votre colis en pr\u00e9sence du chauffeur pour v\u00e9rifier que le produit n\u2019est pas endommag\u00e9 avant de signer le bon de livraison pour accepter le colis (si \u00e0 r\u00e9ception aucune r\u00e9serve n\u2019est \u00e9mise et que vous constatez la casse apr\u00e8s signature nous ne pourrons pas ouvrir de litige transport et \u00eatre tenus pour responsable).<\/p>\n\n\n\n<p>Tout dommage sur votre produit devra \u00eatre stipul\u00e9 par <strong>des r\u00e9serves d\u00e9taill\u00e9es<\/strong> sur le bon de livraison.<\/p>\n\n\n\n<p><u>Marche \u00e0 suivre en cas de dommage :<\/u><\/p>\n\n\n\n<p>1. A r\u00e9ception du colis v\u00e9rifier l\u2019\u00e9tat de l\u2019emballage et ouvrir le colis en pr\u00e9sence du transporteur &nbsp;pour voir o\u00f9 se trouve la casse sur le produit (si possible l\u2019allumer).<\/p>\n\n\n\n<p>2. Mettre des r\u00e9serves compl\u00e8tes sur le bon de transport avant la signature&nbsp;noter&nbsp;: \u00ab&nbsp;colis refus\u00e9 pour causes (exemple&nbsp;:&nbsp;carton ab\u00eem\u00e9 en haut \u00e0 gauche \u00e9cran cass\u00e9 en haut \u00e0 gauche)&nbsp;\u00bb.<\/p>\n\n\n\n<p>3. Refuser le colis, le transporteur repart avec celui-ci pour le renvoyer vers notre atelier.<\/p>\n\n\n\n<p>4. Contactez-nous par t\u00e9l\u00e9phone pour nous pr\u00e9venir tout de suite du probl\u00e8me rencontr\u00e9, que vous avez refus\u00e9 le colis, pour le notifier au dossier avec les informations que vous nous donnerez.<\/p>\n\n\n\n<p><strong><u>Si \u00e0 r\u00e9ception aucune r\u00e9serve n\u2019est \u00e9mise et que vous constatez la casse apr\u00e8s signature nous ne pourrons pas ouvrir de litige transport et \u00eatre tenus pour responsable.<\/u><\/strong><\/p>\n\n\n\n<p><strong><u>&nbsp;Si la marche \u00e0 suivre demand\u00e9e ci-dessus n\u2019est pas respect\u00e9e et que le produit n\u2019a pas \u00e9t\u00e9 refus\u00e9 \u00e0 la livraison nous ne pourrons pas ouvrir de litige transport.<\/u><\/strong><\/p>\n\n\n\n<p><strong><u>&nbsp;Aucune demande ou retour produit ne sera accept\u00e9e.<\/u><\/strong><\/p>\n\n\n\n<div style=\"height:30px\" aria-hidden=\"true\" class=\"wp-block-spacer\"><\/div>\n\n\n\n<h1><strong><span class=\"has-inline-color has-luminous-vivid-orange-color\">L\u2019envoi du produit vers les ateliers LetMeRepair France vaut acceptation des pr\u00e9sentes Conditions G\u00e9n\u00e9rales de Service Apr\u00e8s-Vente et engage votre responsabilit\u00e9<\/span><\/strong><\/h1>\n\n\n\n<p><\/p>\n","protected":false},"excerpt":{"rendered":"<p>Le retour de votre produit vers chez vous est organis\u00e9 par LetMeRepair France. De ce fait, il est imp\u00e9ratif d\u2019ouvrir votre colis en pr\u00e9sence du chauffeur pour v\u00e9rifier que le produit n\u2019est pas endommag\u00e9 avant de signer le bon de livraison pour accepter le colis (si \u00e0 r\u00e9ception aucune r\u00e9serve n\u2019est \u00e9mise et que vous<a href=\"https:\/\/www.letmerepair.fr\/index.php\/conditions-generales-de-service-apres-vente\/\">[&#8230;]<\/a><\/p>\n","protected":false},"author":2,"featured_media":0,"parent":0,"menu_order":0,"comment_status":"closed","ping_status":"closed","template":"template-fullwidth.php","meta":[],"yoast_head":"<!-- This site is optimized with the Yoast SEO plugin v16.5 - https:\/\/yoast.com\/wordpress\/plugins\/seo\/ -->\n<title>RETOUR DE VOTRE COLIS VERS CHEZ VOUS APRES REPARATION - LetMeRepair<\/title>\n<meta name=\"robots\" content=\"index, follow, max-snippet:-1, max-image-preview:large, max-video-preview:-1\" \/>\n<link rel=\"canonical\" href=\"https:\/\/www.letmerepair.fr\/index.php\/conditions-generales-de-service-apres-vente\/\" \/>\n<meta property=\"og:locale\" content=\"fr_FR\" \/>\n<meta property=\"og:type\" content=\"article\" \/>\n<meta property=\"og:title\" content=\"RETOUR DE VOTRE COLIS VERS CHEZ VOUS APRES REPARATION - LetMeRepair\" \/>\n<meta property=\"og:description\" content=\"Le retour de votre produit vers chez vous est organis\u00e9 par LetMeRepair France. De ce fait, il est imp\u00e9ratif d\u2019ouvrir votre colis en pr\u00e9sence du chauffeur pour v\u00e9rifier que le produit n\u2019est pas endommag\u00e9 avant de signer le bon de livraison pour accepter le colis (si \u00e0 r\u00e9ception aucune r\u00e9serve n\u2019est \u00e9mise et que vous[...]\" \/>\n<meta property=\"og:url\" content=\"https:\/\/www.letmerepair.fr\/index.php\/conditions-generales-de-service-apres-vente\/\" \/>\n<meta property=\"og:site_name\" content=\"LetMeRepair\" \/>\n<meta property=\"article:modified_time\" content=\"2021-06-08T10:14:08+00:00\" \/>\n<meta name=\"twitter:card\" content=\"summary_large_image\" \/>\n<meta name=\"twitter:label1\" content=\"Dur\u00e9e de lecture est.\" \/>\n\t<meta name=\"twitter:data1\" content=\"2 minutes\" \/>\n<script type=\"application\/ld+json\" class=\"yoast-schema-graph\">{\"@context\":\"https:\/\/schema.org\",\"@graph\":[{\"@type\":\"Organization\",\"@id\":\"https:\/\/www.letmerepair.fr\/#organization\",\"name\":\"LetMeRepair\",\"url\":\"https:\/\/www.letmerepair.fr\/\",\"sameAs\":[],\"logo\":{\"@type\":\"ImageObject\",\"@id\":\"https:\/\/www.letmerepair.fr\/#logo\",\"inLanguage\":\"fr-FR\",\"url\":\"https:\/\/www.letmerepair.fr\/wp-content\/uploads\/2016\/02\/cropped-LMR-Web.jpg\",\"contentUrl\":\"https:\/\/www.letmerepair.fr\/wp-content\/uploads\/2016\/02\/cropped-LMR-Web.jpg\",\"width\":512,\"height\":512,\"caption\":\"LetMeRepair\"},\"image\":{\"@id\":\"https:\/\/www.letmerepair.fr\/#logo\"}},{\"@type\":\"WebSite\",\"@id\":\"https:\/\/www.letmerepair.fr\/#website\",\"url\":\"https:\/\/www.letmerepair.fr\/\",\"name\":\"LetMeRepair\",\"description\":\"France\",\"publisher\":{\"@id\":\"https:\/\/www.letmerepair.fr\/#organization\"},\"potentialAction\":[{\"@type\":\"SearchAction\",\"target\":\"https:\/\/www.letmerepair.fr\/?s={search_term_string}\",\"query-input\":\"required name=search_term_string\"}],\"inLanguage\":\"fr-FR\"},{\"@type\":\"WebPage\",\"@id\":\"https:\/\/www.letmerepair.fr\/index.php\/conditions-generales-de-service-apres-vente\/#webpage\",\"url\":\"https:\/\/www.letmerepair.fr\/index.php\/conditions-generales-de-service-apres-vente\/\",\"name\":\"RETOUR DE VOTRE COLIS VERS CHEZ VOUS APRES REPARATION - LetMeRepair\",\"isPartOf\":{\"@id\":\"https:\/\/www.letmerepair.fr\/#website\"},\"datePublished\":\"2021-04-27T09:56:44+00:00\",\"dateModified\":\"2021-06-08T10:14:08+00:00\",\"breadcrumb\":{\"@id\":\"https:\/\/www.letmerepair.fr\/index.php\/conditions-generales-de-service-apres-vente\/#breadcrumb\"},\"inLanguage\":\"fr-FR\",\"potentialAction\":[{\"@type\":\"ReadAction\",\"target\":[\"https:\/\/www.letmerepair.fr\/index.php\/conditions-generales-de-service-apres-vente\/\"]}]},{\"@type\":\"BreadcrumbList\",\"@id\":\"https:\/\/www.letmerepair.fr\/index.php\/conditions-generales-de-service-apres-vente\/#breadcrumb\",\"itemListElement\":[{\"@type\":\"ListItem\",\"position\":1,\"name\":\"Home\",\"item\":\"https:\/\/www.letmerepair.fr\/\"},{\"@type\":\"ListItem\",\"position\":2,\"name\":\"RETOUR DE VOTRE COLIS VERS CHEZ VOUS APRES REPARATION\"}]}]}<\/script>\n<!-- \/ Yoast SEO plugin. -->","_links":{"self":[{"href":"https:\/\/www.letmerepair.fr\/index.php\/wp-json\/wp\/v2\/pages\/170"}],"collection":[{"href":"https:\/\/www.letmerepair.fr\/index.php\/wp-json\/wp\/v2\/pages"}],"about":[{"href":"https:\/\/www.letmerepair.fr\/index.php\/wp-json\/wp\/v2\/types\/page"}],"author":[{"embeddable":true,"href":"https:\/\/www.letmerepair.fr\/index.php\/wp-json\/wp\/v2\/users\/2"}],"replies":[{"embeddable":true,"href":"https:\/\/www.letmerepair.fr\/index.php\/wp-json\/wp\/v2\/comments?post=170"}],"version-history":[{"count":39,"href":"https:\/\/www.letmerepair.fr\/index.php\/wp-json\/wp\/v2\/pages\/170\/revisions"}],"predecessor-version":[{"id":256,"href":"https:\/\/www.letmerepair.fr\/index.php\/wp-json\/wp\/v2\/pages\/170\/revisions\/256"}],"wp:attachment":[{"href":"https:\/\/www.letmerepair.fr\/index.php\/wp-json\/wp\/v2\/media?parent=170"}],"curies":[{"name":"wp","href":"https:\/\/api.w.org\/{rel}","templated":true}]}}