{"id":312,"date":"2021-09-13T20:03:26","date_gmt":"2021-09-13T18:03:26","guid":{"rendered":"https:\/\/www.letmerepair.fr\/?page_id=312"},"modified":"2021-09-13T20:03:26","modified_gmt":"2021-09-13T18:03:26","slug":"mentions-legales","status":"publish","type":"page","link":"https:\/\/www.letmerepair.fr\/index.php\/mentions-legales\/","title":{"rendered":"Mentions l\u00e9gales"},"content":{"rendered":"\n<p><strong>MENTIONS L\u00c9GALES<\/strong><\/p>\n\n\n\n<p><strong>EDITEUR<\/strong><\/p>\n\n\n\n<p>Le site&nbsp;LetMeRepair.fr&nbsp;est \u00e9dit\u00e9 par la soci\u00e9t\u00e9&nbsp;LetMeRepair France, SARL au capital de 15 000 \u20ac, immatricul\u00e9e au Registre du Commerce et des Soci\u00e9t\u00e9s sous le num\u00e9ro&nbsp;SIRET&nbsp;502 343 643 00024 et N\u00b0 de TVA intracommunautaire&nbsp;: FR44502343643<\/p>\n\n\n\n<p>Si\u00e8ge social :<br>1 rue Monge, 85000,&nbsp;La Roche sur Yon<\/p>\n\n\n\n<p>Email :&nbsp;supervision-ccc@letmerepair.fr<\/p>\n\n\n\n<p>Tel&nbsp;: 02 51 40 44 31<\/p>\n\n\n\n<p>D\u00c9VELOPPEMENT DU SITE<\/p>\n\n\n\n<p>Ph Delahaye<br>Site internet : letmerepair.fr<\/p>\n\n\n\n<p><strong>H\u00c9BERGEMENT<\/strong><\/p>\n\n\n\n<p>OVH<\/p>\n\n\n\n<p>Soci\u00e9t\u00e9 par actions simplifi\u00e9e au capital de 10 069 020 \u20ac.<\/p>\n\n\n\n<p>2 rue Kellermann<\/p>\n\n\n\n<p>59100 &#8211; Roubaix<\/p>\n\n\n\n<p>CONFIDENTIALIT\u00c9<\/p>\n\n\n\n<p>En application de la loi du 11 mars 1957 (art. 41) et du code de la propri\u00e9t\u00e9 intellectuelle du 1er juillet 1992 : l&#8217;ensemble des textes, illustrations, photographies, plans, dessins, animations, vid\u00e9os, sons contenus sur ce site ne peuvent \u00eatre utilis\u00e9s ou reproduits sans l&#8217;autorisation de l&#8217;\u00e9diteur.<\/p>\n\n\n\n<p>Pour toute demande de reproduction ou d&#8217;utilisation d&#8217;\u00e9l\u00e9ments contenus sur ce site, contactez le responsable du site.<\/p>\n\n\n\n<p><strong>COOKIES<\/strong><\/p>\n\n\n\n<p>Un cookie (ou t\u00e9moin de connexion) est un fichier texte susceptible d&#8217;\u00eatre enregistr\u00e9, sous r\u00e9serve de vos choix, dans un espace d\u00e9di\u00e9 du disque dur de votre terminal (ordinateur, tablette \u2026) \u00e0 l&#8217;occasion de la consultation d&#8217;un service en ligne gr\u00e2ce \u00e0 votre logiciel de navigation.<\/p>\n\n\n\n<p>Il est transmis par le serveur d&#8217;un site internet \u00e0 votre navigateur. A chaque cookie est attribu\u00e9 un identifiant anonyme. Le fichier cookie permet \u00e0 son \u00e9metteur d&#8217;identifier le terminal dans lequel il est enregistr\u00e9 pendant la dur\u00e9e de validit\u00e9 ou d&#8217;enregistrement du cookie concern\u00e9.<\/p>\n\n\n\n<p>Un cookie ne permet pas de remonter \u00e0 une personne physique. Lorsque vous consultez le site&nbsp;pickandrepair.fr, nous pouvons \u00eatre amen\u00e9s \u00e0 installer, sous r\u00e9serve de votre choix, diff\u00e9rents cookies et notamment des cookies publicitaires.<\/p>\n\n\n\n<p><strong>COOKIES DE STATISTIQUES GOOGLE ANALYTICS<\/strong><\/p>\n\n\n\n<p>Ces cookies permettent d&#8217;\u00e9tablir des statistiques de fr\u00e9quentation du site&nbsp;pickandrepair.fr&nbsp;et de d\u00e9tecter des probl\u00e8mes de navigation afin de suivre et d&#8217;am\u00e9liorer la qualit\u00e9 de nos services. Exercez vos choix selon le navigateur que vous utilisez.<\/p>\n\n\n\n<p>Vous pouvez \u00e0 tout moment param\u00e9trer votre navigateur afin d&#8217;exprimer et de modifier vos souhaits en mati\u00e8re de cookies et notamment concernant les cookies de statistique. Vous pouvez exprimer vos choix en param\u00e9trant votre navigateur de fa\u00e7on \u00e0 refuser certains cookies.<\/p>\n\n\n\n<p>Si vous refusez nos cookies et ceux de nos partenaires, votre visite sur&nbsp;pickandrepair.fr&nbsp;ne sera plus comptabilis\u00e9e dans Google Analytics et vous ne pourrez plus b\u00e9n\u00e9ficier d&#8217;un certain nombre de fonctionnalit\u00e9s qui sont n\u00e9anmoins n\u00e9cessaires pour naviguer dans certaines de nos pages.<\/p>\n\n\n\n<p>Nous vous informons que vous pouvez toutefois vous opposer \u00e0 l&#8217;enregistrement de cookies en suivant le mode op\u00e9ratoire disponible ci-dessous :<br><br><strong>Sur Internet Explorer<br><\/strong>1. Allez dans Outils &gt; Options Internet.<br>2. Cliquez sur l&#8217;onglet confidentialit\u00e9.<br>3. Cliquez sur le bouton avanc\u00e9, cochez la case \u00bb Ignorer la gestion automatique des cookies \u00bb.<br><br><strong>Sur Firefox<br><\/strong>1. En haut de la fen\u00eatre de Firefox, cliquez sur le bouton Firefox (menu Outils sous Windows XP), puis s\u00e9lectionnez Options.<br>2. S\u00e9lectionnez le panneau Vie priv\u00e9e.<br>3. Param\u00e9trez R\u00e8gles de conservation : \u00e0 utiliser les param\u00e8tres personnalis\u00e9s pour l&#8217;historique.<br>4. D\u00e9cochez Accepter les cookies.<br><br><strong>Sur Chrome<br><\/strong>1. Cliquez sur l&#8217;ic\u00f4ne repr\u00e9sentant une cl\u00e9 \u00e0 molette qui est situ\u00e9e dans la barre d&#8217;outils du navigateur.<br>2. S\u00e9lectionnez Param\u00e8tres.<br>3. Cliquez sur Afficher les param\u00e8tres avanc\u00e9s.<br>4. Dans la section \u00ab Confidentialit\u00e9 \u00bb, cliquez sur le bouton Param\u00e8tres de contenu.<br>5. Dans la section \u00ab Cookies \u00bb, vous pouvez bloquer les cookies et donn\u00e9es de sites tiers<br><br><strong>Sur Safari<\/strong><br>1. Allez dans R\u00e9glages &gt; Pr\u00e9f\u00e9rences<br>2. Cliquez sur l&#8217;onglet Confidentialit\u00e9<br>3. Dans la zone \u00bb Bloquer les cookies \u00ab , cochez la case \u00ab toujours \u00bb<br><br><strong>Sur Op\u00e9ra<br><\/strong>1. Allez dans R\u00e9glages &gt; Pr\u00e9f\u00e9rences<br>2. Cliquez sur l&#8217;onglet avanc\u00e9es<br>3. Dans la zone \u00bb Cookies \u00ab , cochez la case \u00bb Ne jamais accepter les cookies \u00bb<\/p>\n\n\n\n<p><strong>LES COOKIES DE PARTAGE DES R\u00c9SEAUX SOCIAUX<\/strong><\/p>\n\n\n\n<p>Sur certaines pages de&nbsp;pickandrepair.fr&nbsp;figurent des boutons ou modules de r\u00e9seaux sociaux tiers qui vous permettent d&#8217;exploiter les fonctionnalit\u00e9s de ces r\u00e9seaux et en particulier de partager des contenus pr\u00e9sents sur&nbsp;pickandrepair.fr&nbsp;avec d&#8217;autres personnes.<\/p>\n\n\n\n<p>Lorsque vous vous rendez sur une page internet sur laquelle se trouve un de ces boutons ou modules, votre navigateur peut envoyer des informations au r\u00e9seau social qui peut alors associer cette visualisation \u00e0 votre profil.<\/p>\n\n\n\n<p>Des cookies des r\u00e9seaux sociaux, dont nous n&#8217;avons pas la ma\u00eetrise, peuvent \u00eatre alors \u00eatre d\u00e9pos\u00e9s dans votre navigateur par ces r\u00e9seaux.<\/p>\n\n\n\n<p>Nous vous invitons \u00e0 consulter les politiques de confidentialit\u00e9 propres \u00e0 chacun de ces sites de r\u00e9seaux sociaux, afin de prendre connaissance des finalit\u00e9s d&#8217;utilisation des informations de navigation que peuvent recueillir les r\u00e9seaux sociaux gr\u00e2ce \u00e0 ces boutons et modules.<\/p>\n\n\n\n<ul><li>Facebook.com<\/li><li>Twitter.com<\/li><li>fr.pinterest.com<\/li><\/ul>\n\n\n\n<p>CONFIDENTIALIT\u00c9 DES DONN\u00c9ES<\/p>\n\n\n\n<p>Nous nous engageons \u00e0 prot\u00e9ger vos donn\u00e9es personnelles et votre vie priv\u00e9e. Nous utilisons les informations que vous nous transmettez pour traiter vos demandes et vous faire part de notre r\u00e9ponse.<\/p>\n\n\n\n<p>Communication de vos donn\u00e9es personnelles \u00e0 des tiers<\/p>\n\n\n\n<p>Nous ne vendons, ni ne louons ni ne communiquons gratuitement \u00e0 des tiers les informations vous concernant.<\/p>\n\n\n\n<p>Modification de vos informations<\/p>\n\n\n\n<p>En application de l&#8217;article 27 de la loi informatique et Libert\u00e9s du 6 janvier 1978, vous disposez d&#8217;un droit d&#8217;acc\u00e8s et de rectification sur les donn\u00e9es vous concernant. Pour exercer ces droits, il vous suffit de contacter par mail, courrier ou formulaire de contact l&#8217;\u00e9diteur du site.<\/p>\n","protected":false},"excerpt":{"rendered":"<p>MENTIONS L\u00c9GALES EDITEUR Le site&nbsp;LetMeRepair.fr&nbsp;est \u00e9dit\u00e9 par la soci\u00e9t\u00e9&nbsp;LetMeRepair France, SARL au capital de 15 000 \u20ac, immatricul\u00e9e au Registre du Commerce et des Soci\u00e9t\u00e9s sous le num\u00e9ro&nbsp;SIRET&nbsp;502 343 643 00024 et N\u00b0 de TVA intracommunautaire&nbsp;: FR44502343643 Si\u00e8ge social :1 rue Monge, 85000,&nbsp;La Roche sur Yon Email :&nbsp;supervision-ccc@letmerepair.fr Tel&nbsp;: 02 51 40 44 31 D\u00c9VELOPPEMENT<a href=\"https:\/\/www.letmerepair.fr\/index.php\/mentions-legales\/\">[&#8230;]<\/a><\/p>\n","protected":false},"author":1,"featured_media":0,"parent":0,"menu_order":0,"comment_status":"closed","ping_status":"closed","template":"","meta":[],"yoast_head":"<!-- This site is optimized with the Yoast SEO plugin v16.5 - https:\/\/yoast.com\/wordpress\/plugins\/seo\/ -->\n<title>Mentions l\u00e9gales - LetMeRepair<\/title>\n<meta name=\"robots\" content=\"index, follow, max-snippet:-1, max-image-preview:large, max-video-preview:-1\" \/>\n<link rel=\"canonical\" href=\"https:\/\/www.letmerepair.fr\/index.php\/mentions-legales\/\" \/>\n<meta property=\"og:locale\" content=\"fr_FR\" \/>\n<meta property=\"og:type\" content=\"article\" \/>\n<meta property=\"og:title\" content=\"Mentions l\u00e9gales - LetMeRepair\" \/>\n<meta property=\"og:description\" content=\"MENTIONS L\u00c9GALES EDITEUR Le site&nbsp;LetMeRepair.fr&nbsp;est \u00e9dit\u00e9 par la soci\u00e9t\u00e9&nbsp;LetMeRepair France, SARL au capital de 15 000 \u20ac, immatricul\u00e9e au Registre du Commerce et des Soci\u00e9t\u00e9s sous le num\u00e9ro&nbsp;SIRET&nbsp;502 343 643 00024 et N\u00b0 de TVA intracommunautaire&nbsp;: FR44502343643 Si\u00e8ge social :1 rue Monge, 85000,&nbsp;La Roche sur Yon Email :&nbsp;supervision-ccc@letmerepair.fr Tel&nbsp;: 02 51 40 44 31 D\u00c9VELOPPEMENT[...]\" \/>\n<meta property=\"og:url\" content=\"https:\/\/www.letmerepair.fr\/index.php\/mentions-legales\/\" \/>\n<meta property=\"og:site_name\" content=\"LetMeRepair\" \/>\n<meta name=\"twitter:card\" content=\"summary_large_image\" \/>\n<meta name=\"twitter:label1\" content=\"Dur\u00e9e de lecture est.\" \/>\n\t<meta name=\"twitter:data1\" content=\"4 minutes\" \/>\n<script type=\"application\/ld+json\" class=\"yoast-schema-graph\">{\"@context\":\"https:\/\/schema.org\",\"@graph\":[{\"@type\":\"Organization\",\"@id\":\"https:\/\/www.letmerepair.fr\/#organization\",\"name\":\"LetMeRepair\",\"url\":\"https:\/\/www.letmerepair.fr\/\",\"sameAs\":[],\"logo\":{\"@type\":\"ImageObject\",\"@id\":\"https:\/\/www.letmerepair.fr\/#logo\",\"inLanguage\":\"fr-FR\",\"url\":\"https:\/\/www.letmerepair.fr\/wp-content\/uploads\/2016\/02\/cropped-LMR-Web.jpg\",\"contentUrl\":\"https:\/\/www.letmerepair.fr\/wp-content\/uploads\/2016\/02\/cropped-LMR-Web.jpg\",\"width\":512,\"height\":512,\"caption\":\"LetMeRepair\"},\"image\":{\"@id\":\"https:\/\/www.letmerepair.fr\/#logo\"}},{\"@type\":\"WebSite\",\"@id\":\"https:\/\/www.letmerepair.fr\/#website\",\"url\":\"https:\/\/www.letmerepair.fr\/\",\"name\":\"LetMeRepair\",\"description\":\"France\",\"publisher\":{\"@id\":\"https:\/\/www.letmerepair.fr\/#organization\"},\"potentialAction\":[{\"@type\":\"SearchAction\",\"target\":\"https:\/\/www.letmerepair.fr\/?s={search_term_string}\",\"query-input\":\"required name=search_term_string\"}],\"inLanguage\":\"fr-FR\"},{\"@type\":\"WebPage\",\"@id\":\"https:\/\/www.letmerepair.fr\/index.php\/mentions-legales\/#webpage\",\"url\":\"https:\/\/www.letmerepair.fr\/index.php\/mentions-legales\/\",\"name\":\"Mentions l\\u00e9gales - LetMeRepair\",\"isPartOf\":{\"@id\":\"https:\/\/www.letmerepair.fr\/#website\"},\"datePublished\":\"2021-09-13T18:03:26+00:00\",\"dateModified\":\"2021-09-13T18:03:26+00:00\",\"breadcrumb\":{\"@id\":\"https:\/\/www.letmerepair.fr\/index.php\/mentions-legales\/#breadcrumb\"},\"inLanguage\":\"fr-FR\",\"potentialAction\":[{\"@type\":\"ReadAction\",\"target\":[\"https:\/\/www.letmerepair.fr\/index.php\/mentions-legales\/\"]}]},{\"@type\":\"BreadcrumbList\",\"@id\":\"https:\/\/www.letmerepair.fr\/index.php\/mentions-legales\/#breadcrumb\",\"itemListElement\":[{\"@type\":\"ListItem\",\"position\":1,\"name\":\"Home\",\"item\":\"https:\/\/www.letmerepair.fr\/\"},{\"@type\":\"ListItem\",\"position\":2,\"name\":\"Mentions l\\u00e9gales\"}]}]}<\/script>\n<!-- \/ Yoast SEO plugin. -->","_links":{"self":[{"href":"https:\/\/www.letmerepair.fr\/index.php\/wp-json\/wp\/v2\/pages\/312"}],"collection":[{"href":"https:\/\/www.letmerepair.fr\/index.php\/wp-json\/wp\/v2\/pages"}],"about":[{"href":"https:\/\/www.letmerepair.fr\/index.php\/wp-json\/wp\/v2\/types\/page"}],"author":[{"embeddable":true,"href":"https:\/\/www.letmerepair.fr\/index.php\/wp-json\/wp\/v2\/users\/1"}],"replies":[{"embeddable":true,"href":"https:\/\/www.letmerepair.fr\/index.php\/wp-json\/wp\/v2\/comments?post=312"}],"version-history":[{"count":1,"href":"https:\/\/www.letmerepair.fr\/index.php\/wp-json\/wp\/v2\/pages\/312\/revisions"}],"predecessor-version":[{"id":313,"href":"https:\/\/www.letmerepair.fr\/index.php\/wp-json\/wp\/v2\/pages\/312\/revisions\/313"}],"wp:attachment":[{"href":"https:\/\/www.letmerepair.fr\/index.php\/wp-json\/wp\/v2\/media?parent=312"}],"curies":[{"name":"wp","href":"https:\/\/api.w.org\/{rel}","templated":true}]}}